{"id":863,"date":"2024-11-04T12:45:32","date_gmt":"2024-11-04T12:45:32","guid":{"rendered":"https:\/\/king-of-bacon.de\/informacion-de-la-empresa\/"},"modified":"2025-09-05T22:02:14","modified_gmt":"2025-09-05T22:02:14","slug":"informacion-de-la-empresa","status":"publish","type":"page","link":"https:\/\/king-of-bacon.de\/es\/informacion-de-la-empresa\/","title":{"rendered":"Informaci\u00f3n de la empresa"},"content":{"rendered":"\n<p class=\"has-large-font-size\"><\/p>\n\n<div class=\"wp-block-group alignwide has-global-padding is-content-justification-left is-layout-constrained wp-container-core-group-is-layout-8b4c372c wp-block-group-is-layout-constrained\">\n<p class=\"has-large-font-size\">Informaci\u00f3n seg\u00fan el \u00a7 5 TMG:<\/p>\n\n\n\n<p class=\"has-large-font-size\">Unternehmen: MTJ-Formtechnologie GmbH<br\/>Direcci\u00f3n: Am Spargelfeld 6, 86579 Waidhofen \/ OT Rachelsbach<br\/>Representado por: Josef Franz M\u00e4rkl<\/p>\n\n\n\n<p class=\"has-large-font-size\">Contacto:<br\/>Tel\u00e9fono: +49(0)8443\/917567<br\/>E-Mail: <a href=\"mailto:mtj@king-of-bacon.de\">mtj@king-of-bacon.de<\/a><\/p>\n\n\n\n<p class=\"has-large-font-size\">Entrada de registro:<br\/>Inscripci\u00f3n en el registro mercantil<br\/>Tribunal de registro: Tribunal de distrito de Ingolstadt<br\/>N\u00famero de registro: HRB 192.254 <\/p>\n\n\n\n<p class=\"has-large-font-size\">ID de IVA:<br\/>N\u00famero de identificaci\u00f3n del IVA seg\u00fan el art\u00edculo 27a de la Ley del IVA: DE 813 682 373<\/p>\n\n\n\n<p class=\"has-large-font-size\">Responsable del contenido seg\u00fan \u00a7 55 p\u00e1rrafo RGPD. 2 RStV:<br\/>Josef Franz M\u00e4rkl<\/p>\n\n\n\n<p class=\"has-large-font-size\">Tel\u00e9fono: +49(0)8443\/917567<br\/>E-Mail: <a href=\"mailto:mtj@king-of-bacon.de\">mtj@king-of-bacon.de<\/a><\/p>\n\n\n\n<p class=\"has-large-font-size\">Descargo de responsabilidad:<br\/>Los contenidos de nuestras p\u00e1ginas fueron creados con el m\u00e1ximo cuidado. Sin embargo, no podemos asumir ninguna responsabilidad por la exactitud, integridad y actualidad del contenido. Como proveedor de servicios, estamos sujetos al art\u00edculo 7, p\u00e1rrafo 1. TMG es responsable de su propio contenido en estas p\u00e1ginas de acuerdo con la legislaci\u00f3n general.<\/p>\n\n\n\n<p class=\"has-large-font-size\">Resoluci\u00f3n de disputas:<br\/>La Comisi\u00f3n Europea ofrece una plataforma para la resoluci\u00f3n de litigios en l\u00ednea (ODR): <a href=\"https:\/\/ec.europa.eu\/consumers\/odr\">https:\/\/ec.europa.eu\/consumers\/odr<\/a><br\/>Puede encontrar nuestra direcci\u00f3n de correo electr\u00f3nico en el pie de imprenta m\u00e1s arriba.<\/p>\n\n\n\n<p class=\"has-large-font-size\">No estamos dispuestos ni obligados a participar en procedimientos de resoluci\u00f3n de disputas ante una junta de arbitraje de consumidores.<\/p>\n\n\n\n<p class=\"has-large-font-size\">Derechos de autor:<br\/>Los contenidos y obras de estas p\u00e1ginas creados por los operadores del sitio est\u00e1n sujetos a la legislaci\u00f3n sobre derechos de autor alemana. La reproducci\u00f3n, transformaci\u00f3n, distribuci\u00f3n y cualquier tipo de explotaci\u00f3n fuera de los l\u00edmites de los derechos de autor requieren el consentimiento por escrito del respectivo autor o creador. Las descargas y copias de este sitio s\u00f3lo est\u00e1n permitidas para uso privado y no comercial.<\/p>\n\n\n\n<p class=\"has-large-font-size\">Nota sobre el problema de los enlaces externos:<br\/>Como proveedor de contenidos, estamos de acuerdo con el art\u00edculo 7, p\u00e1rrafo 1. TMG es responsable del \u00abcontenido propio\u00bb que ponemos a disposici\u00f3n para su uso. Las referencias cruzadas (\u00ablinks\u00bb) a contenidos proporcionados por otros proveedores deben distinguirse de estos propios contenidos. Solo seremos responsables de estos contenidos externos si tenemos conocimiento positivo de ellos (es decir, tambi\u00e9n de contenidos ilegales o delictivos) y nos resulta t\u00e9cnicamente posible y razonable evitar su uso (\u00a7 7, p\u00e1rrafo 2). TMG).<\/p>\n\n\n\n<p class=\"has-large-font-size\">Dise\u00f1o e implementaci\u00f3n:<br\/>Ejemplo de agencia web<br\/>Direcci\u00f3n: Webstra\u00dfe 456, 67890 Webstadt<br\/>Contacto: +49 987 654321, design@webagenturbeispiel.de<\/p>\n\n\n\n<p style=\"margin-top:16px\">Con nuestros servicios queremos que su experiencia de compra en l\u00ednea sea lo m\u00e1s c\u00f3moda posible. Nuestro equipo dedicado est\u00e1 disponible para garantizar que se satisfagan sus necesidades y que tenga una excelente experiencia de compra.<\/p>\n<\/div>\n\n<div class=\"wp-block-group alignfull has-background-background-color has-background has-global-padding is-layout-constrained wp-container-core-group-is-layout-7276a2bb wp-block-group-is-layout-constrained\" style=\"margin-top:0;margin-bottom:0;padding-top:var(--wp--preset--spacing--60);padding-right:var(--wp--preset--spacing--30);padding-bottom:var(--wp--preset--spacing--60);padding-left:var(--wp--preset--spacing--30)\"><\/div>\n","protected":false},"excerpt":{"rendered":"<p>Informaci\u00f3n seg\u00fan el \u00a7 5 TMG: Unternehmen: MTJ-Formtechnologie GmbHDirecci\u00f3n: Am Spargelfeld 6, 86579 Waidhofen \/ OT RachelsbachRepresentado por: Josef Franz M\u00e4rkl Contacto:Tel\u00e9fono: +49(0)8443\/917567E-Mail: mtj@king-of-bacon.de Entrada de registro:Inscripci\u00f3n en el registro mercantilTribunal de registro: Tribunal de distrito de IngolstadtN\u00famero de registro: HRB 192.254 ID de IVA:N\u00famero de identificaci\u00f3n del IVA seg\u00fan el art\u00edculo 27a de la [&hellip;]<\/p>\n","protected":false},"author":1,"featured_media":0,"parent":0,"menu_order":0,"comment_status":"closed","ping_status":"closed","template":"page-with-title","meta":{"footnotes":""},"class_list":["post-863","page","type-page","status-publish","hentry"],"aioseo_notices":[],"jetpack_sharing_enabled":true,"_links":{"self":[{"href":"https:\/\/king-of-bacon.de\/es\/wp-json\/wp\/v2\/pages\/863","targetHints":{"allow":["GET"]}}],"collection":[{"href":"https:\/\/king-of-bacon.de\/es\/wp-json\/wp\/v2\/pages"}],"about":[{"href":"https:\/\/king-of-bacon.de\/es\/wp-json\/wp\/v2\/types\/page"}],"author":[{"embeddable":true,"href":"https:\/\/king-of-bacon.de\/es\/wp-json\/wp\/v2\/users\/1"}],"replies":[{"embeddable":true,"href":"https:\/\/king-of-bacon.de\/es\/wp-json\/wp\/v2\/comments?post=863"}],"version-history":[{"count":1,"href":"https:\/\/king-of-bacon.de\/es\/wp-json\/wp\/v2\/pages\/863\/revisions"}],"predecessor-version":[{"id":864,"href":"https:\/\/king-of-bacon.de\/es\/wp-json\/wp\/v2\/pages\/863\/revisions\/864"}],"wp:attachment":[{"href":"https:\/\/king-of-bacon.de\/es\/wp-json\/wp\/v2\/media?parent=863"}],"curies":[{"name":"wp","href":"https:\/\/api.w.org\/{rel}","templated":true}]}}