{"id":861,"date":"2024-11-04T12:57:53","date_gmt":"2024-11-04T12:57:53","guid":{"rendered":"https:\/\/king-of-bacon.de\/politica-de-privacidad\/"},"modified":"2025-09-05T21:50:36","modified_gmt":"2025-09-05T21:50:36","slug":"politica-de-privacidad","status":"publish","type":"page","link":"https:\/\/king-of-bacon.de\/es\/politica-de-privacidad\/","title":{"rendered":"Pol\u00edtica de Privacidad"},"content":{"rendered":"\n<p><strong>Introducci\u00f3n<\/strong><\/p>\n\n<p>La protecci\u00f3n de sus datos personales es importante para nosotros. Por lo tanto, procesamos sus datos exclusivamente sobre la base de las disposiciones legales (RGPD, TKG 2003). En esta pol\u00edtica de privacidad le informamos sobre los aspectos m\u00e1s importantes del tratamiento de datos en nuestro sitio web.<\/p>\n\n<p>Hemos contratado a <a href=\"https:\/\/zida-datensicherheit.de\/\" title=\"\">ZIDA Datenschutz GmbH<\/a> como proveedor de servicios externo para que nos ayude en todos los asuntos relacionados con la protecci\u00f3n de datos.<\/p>\n\n<p><strong>Persona responsable<\/strong><\/p>\n\n<p>El responsable del tratamiento de datos en este sitio web es:<\/p>\n\n<p>Josef Franz M\u00e4rkl<\/p>\n\n<p>MTJ \u2013 Formtechnologie GmbH<\/p>\n\n<p>Am Spargelfeld 6<\/p>\n\n<p>86579 Waidhofen \/ OT Rachelsbach<\/p>\n\n<p>+49 (0)8443 917567<\/p>\n\n<p>+49 (0)8443 917568<\/p>\n\n<p>+49 (0)176 14564780<\/p>\n\n<p><strong>Proceso de datos<\/strong><\/p>\n\n<p>Cuando visita nuestro sitio web, se recopila autom\u00e1ticamente informaci\u00f3n general. Esta informaci\u00f3n (archivos de registro del servidor) incluye el tipo de navegador web, el sistema operativo utilizado, el nombre de dominio de su proveedor de servicios de Internet e informaci\u00f3n similar. Esta es \u00fanicamente informaci\u00f3n que no permite sacar ninguna conclusi\u00f3n sobre usted personalmente. Esta informaci\u00f3n es t\u00e9cnicamente necesaria para entregar correctamente el contenido de los sitios web que solicita y es obligatoria cuando utiliza Internet.<\/p>\n\n<p><strong>Cont\u00e1ctanos<\/strong><\/p>\n\n<p>Si nos env\u00eda consultas por correo electr\u00f3nico o mediante un formulario de contacto, sus datos, incluidos los datos de contacto que proporcione all\u00ed, ser\u00e1n almacenados por nosotros con el fin de procesar su consulta y en caso de preguntas de seguimiento. No transmitiremos estos datos sin su consentimiento.<\/p>\n\n<p><strong>Cookies<\/strong><\/p>\n\n<p>Nuestro sitio web utiliza las denominadas cookies. Son peque\u00f1os archivos de texto que se almacenan en su dispositivo con la ayuda del navegador. No hacen da\u00f1o. Utilizamos cookies para que nuestro servicio sea f\u00e1cil de usar. Algunas cookies permanecen almacenadas en su dispositivo hasta que las elimine. Nos permiten reconocer su navegador la pr\u00f3xima vez que nos visite.<\/p>\n\n<p><strong>An\u00e1lisis web<\/strong><\/p>\n\n<p>Nuestro sitio web utiliza funciones del servicio de an\u00e1lisis web [nombre del servicio]. Las cookies se utilizan para permitir el an\u00e1lisis de c\u00f3mo los usuarios utilizan el sitio web. La informaci\u00f3n generada de esta manera se transfiere al servidor del proveedor y se almacena all\u00ed. Puede evitarlo configurando su navegador para que no se almacenen cookies.<\/p>\n\n<p><strong>Sus derechos<\/strong><\/p>\n\n<p>Generalmente, usted tiene derecho a informaci\u00f3n, correcci\u00f3n, eliminaci\u00f3n, restricci\u00f3n, portabilidad de datos, revocaci\u00f3n y oposici\u00f3n. Si considera que el tratamiento de sus datos infringe la legislaci\u00f3n de protecci\u00f3n de datos o que sus derechos de protecci\u00f3n de datos se han vulnerado de alg\u00fan modo, puede presentar una reclamaci\u00f3n ante la autoridad supervisora.<\/p>\n\n<p><strong>Cambios en nuestra pol\u00edtica de privacidad<\/strong><\/p>\n\n<p>Nos reservamos el derecho de adaptar ocasionalmente esta pol\u00edtica de privacidad para garantizar que siempre cumpla con los requisitos legales actuales o para implementar cambios en nuestros servicios en la pol\u00edtica de privacidad, por ejemplo, al introducir nuevos servicios. La nueva pol\u00edtica de privacidad se aplicar\u00e1 en su pr\u00f3xima visita.<\/p>\n\n<p><strong>Contacto<\/strong><\/p>\n\n<p>Para preguntas sobre protecci\u00f3n de datos, env\u00edenos un mensaje a <a href=\"mailto:mtj@king-of-bacon.de\">mtj@king-of-bacon.de<\/a> con el asunto \u201cProtecci\u00f3n de datos\u201d.<\/p>\n\n<p>Stand: 19.11.2024<\/p>\n\n<p><\/p>\n","protected":false},"excerpt":{"rendered":"<p>Introducci\u00f3n La protecci\u00f3n de sus datos personales es importante para nosotros. Por lo tanto, procesamos sus datos exclusivamente sobre la base de las disposiciones legales (RGPD, TKG 2003). En esta pol\u00edtica de privacidad le informamos sobre los aspectos m\u00e1s importantes del tratamiento de datos en nuestro sitio web. Hemos contratado a ZIDA Datenschutz GmbH como [&hellip;]<\/p>\n","protected":false},"author":1,"featured_media":0,"parent":0,"menu_order":0,"comment_status":"closed","ping_status":"closed","template":"","meta":{"footnotes":""},"class_list":["post-861","page","type-page","status-publish","hentry"],"aioseo_notices":[],"jetpack_sharing_enabled":true,"_links":{"self":[{"href":"https:\/\/king-of-bacon.de\/es\/wp-json\/wp\/v2\/pages\/861","targetHints":{"allow":["GET"]}}],"collection":[{"href":"https:\/\/king-of-bacon.de\/es\/wp-json\/wp\/v2\/pages"}],"about":[{"href":"https:\/\/king-of-bacon.de\/es\/wp-json\/wp\/v2\/types\/page"}],"author":[{"embeddable":true,"href":"https:\/\/king-of-bacon.de\/es\/wp-json\/wp\/v2\/users\/1"}],"replies":[{"embeddable":true,"href":"https:\/\/king-of-bacon.de\/es\/wp-json\/wp\/v2\/comments?post=861"}],"version-history":[{"count":1,"href":"https:\/\/king-of-bacon.de\/es\/wp-json\/wp\/v2\/pages\/861\/revisions"}],"predecessor-version":[{"id":862,"href":"https:\/\/king-of-bacon.de\/es\/wp-json\/wp\/v2\/pages\/861\/revisions\/862"}],"wp:attachment":[{"href":"https:\/\/king-of-bacon.de\/es\/wp-json\/wp\/v2\/media?parent=861"}],"curies":[{"name":"wp","href":"https:\/\/api.w.org\/{rel}","templated":true}]}}